{"id":89,"date":"2025-10-22T14:32:54","date_gmt":"2025-10-22T14:32:54","guid":{"rendered":"https:\/\/rentacarsur.com\/?page_id=89"},"modified":"2025-12-11T14:28:12","modified_gmt":"2025-12-11T14:28:12","slug":"quienes-somos","status":"publish","type":"page","link":"https:\/\/rentacarsur.com\/?page_id=89","title":{"rendered":"Quienes Somos"},"content":{"rendered":"<div class=\"n2_clear\"><ss3-force-full-width data-overflow-x=\"body\" data-horizontal-selector=\"body\"><div class=\"n2-section-smartslider fitvidsignore  n2_clear\" data-ssid=\"5\" tabindex=\"0\" role=\"region\" aria-label=\"Slider\"><div id=\"n2-ss-5-align\" class=\"n2-ss-align\"><div class=\"n2-padding\"><div id=\"n2-ss-5\" data-creator=\"Smart Slider 3\" data-responsive=\"fullwidth\" class=\"n2-ss-slider n2-ow n2-has-hover n2notransition  \">\n        <div class=\"n2-ss-slider-1 n2-ow\">\n            <div class=\"n2-ss-slider-2 n2-ow\">\n                <div class=\"n2-ss-slide-backgrounds n2-ow-all\"><div class=\"n2-ss-slide-background\" data-public-id=\"1\" data-mode=\"fill\"><div class=\"n2-ss-slide-background-image\" data-blur=\"0\" data-opacity=\"100\" data-x=\"50\" data-y=\"50\" data-alt=\"\" data-title=\"\"><picture class=\"skip-lazy\" data-skip-lazy=\"1\"><img decoding=\"async\" src=\"\/\/rentacarsur.com\/wp-content\/uploads\/2025\/10\/22-scaled.jpg\" alt=\"\" title=\"\" loading=\"lazy\" class=\"skip-lazy\" data-skip-lazy=\"1\"><\/picture><\/div><div data-color=\"RGBA(255,255,255,0)\" style=\"background-color: RGBA(255,255,255,0);\" class=\"n2-ss-slide-background-color\"><\/div><\/div><\/div>                <div class=\"n2-ss-slider-3 n2-ow\">\n                    <svg xmlns=\"http:\/\/www.w3.org\/2000\/svg\" viewBox=\"0 0 1200 600\" data-related-device=\"desktopPortrait\" class=\"n2-ow n2-ss-preserve-size n2-ss-preserve-size--slider n2-ss-slide-limiter\"><\/svg><div data-first=\"1\" data-slide-duration=\"0\" data-id=\"20\" data-slide-public-id=\"1\" data-title=\"21\" class=\"n2-ss-slide n2-ow  n2-ss-slide-20\"><div role=\"note\" class=\"n2-ss-slide--focus\" tabindex=\"-1\">21<\/div><div class=\"n2-ss-layers-container n2-ss-slide-limiter n2-ow\"><div class=\"n2-ss-layer n2-ow n-uc-9YdN94xE6Iqy\" data-sstype=\"slide\" data-pm=\"default\"><div class=\"n2-ss-layer n2-ow n-uc-hL9KiVC3oeqR\" data-pm=\"default\" data-sstype=\"content\" data-hasbackground=\"0\"><div class=\"n2-ss-section-main-content n2-ss-layer-with-background n2-ss-layer-content n2-ow n-uc-hL9KiVC3oeqR-inner\"><div class=\"n2-ss-layer n2-ow n-uc-qe7RiHVAMstO\" data-pm=\"normal\" data-sstype=\"layer\"><h1 id=\"n2-ss-5item1\" class=\"n2-font-1eab6230561ffddcde6c2478a231e56b-hover n2-style-a30f426053639ed46355e17a9be370a6-heading   n2-ss-item-content n2-ss-text n2-ow\" style=\"display:block;\">Quienes Somos<\/h1><\/div><\/div><\/div><\/div><\/div><\/div>                <\/div>\n                            <\/div>\n        <\/div>\n        <\/div><ss3-loader><\/ss3-loader><\/div><\/div><div class=\"n2_clear\"><\/div><\/div><\/ss3-force-full-width><\/div>\n\n\n<figure class=\"wp-block-image alignfull size-large\"><img fetchpriority=\"high\" decoding=\"async\" width=\"1024\" height=\"57\" src=\"https:\/\/rentacarsur.com\/wp-content\/uploads\/2025\/10\/9-1024x57.png\" alt=\"\" class=\"wp-image-202\" srcset=\"https:\/\/rentacarsur.com\/wp-content\/uploads\/2025\/10\/9-1024x57.png 1024w, https:\/\/rentacarsur.com\/wp-content\/uploads\/2025\/10\/9-300x17.png 300w, https:\/\/rentacarsur.com\/wp-content\/uploads\/2025\/10\/9-768x43.png 768w, https:\/\/rentacarsur.com\/wp-content\/uploads\/2025\/10\/9-1536x85.png 1536w, https:\/\/rentacarsur.com\/wp-content\/uploads\/2025\/10\/9-2048x114.png 2048w, https:\/\/rentacarsur.com\/wp-content\/uploads\/2025\/10\/9-600x33.png 600w\" sizes=\"(max-width: 1024px) 100vw, 1024px\" \/><\/figure>\n\n\n\n<div class=\"wp-block-columns alignfull are-vertically-aligned-center has-contrast-background-color has-background is-layout-flex wp-container-core-columns-is-layout-28f84493 wp-block-columns-is-layout-flex\">\n<div class=\"wp-block-column is-vertically-aligned-center is-layout-flow wp-block-column-is-layout-flow\">\n<figure class=\"wp-block-image aligncenter size-full is-resized\"><img decoding=\"async\" width=\"2560\" height=\"1082\" src=\"https:\/\/rentacarsur.com\/wp-content\/uploads\/2025\/10\/logo-scaled.png\" alt=\"\" class=\"wp-image-310\" style=\"width:387px;height:auto\" srcset=\"https:\/\/rentacarsur.com\/wp-content\/uploads\/2025\/10\/logo-scaled.png 2560w, https:\/\/rentacarsur.com\/wp-content\/uploads\/2025\/10\/logo-300x127.png 300w, https:\/\/rentacarsur.com\/wp-content\/uploads\/2025\/10\/logo-1024x433.png 1024w, https:\/\/rentacarsur.com\/wp-content\/uploads\/2025\/10\/logo-768x325.png 768w, https:\/\/rentacarsur.com\/wp-content\/uploads\/2025\/10\/logo-1536x649.png 1536w, https:\/\/rentacarsur.com\/wp-content\/uploads\/2025\/10\/logo-2048x865.png 2048w, https:\/\/rentacarsur.com\/wp-content\/uploads\/2025\/10\/logo-600x254.png 600w\" sizes=\"(max-width: 2560px) 100vw, 2560px\" \/><\/figure>\n\n\n\n<div style=\"height:42px\" aria-hidden=\"true\" class=\"wp-block-spacer\"><\/div>\n\n\n\n<p class=\"has-base-2-color has-text-color has-link-color wp-elements-96a80d72486613e22029a86943be1227\"><strong>Rent a Car del Sur<\/strong> es una empresa dedicada al arriendo de veh\u00edculos, con casa matriz en <strong>Curic\u00f3<\/strong> y cobertura a nivel <strong>nacional<\/strong>. Nos especializamos en ofrecer soluciones de movilidad confiables y flexibles, adaptadas a las necesidades de empresas y clientes particulares en todo Chile.<\/p>\n\n\n\n<div style=\"height:22px\" aria-hidden=\"true\" class=\"wp-block-spacer\"><\/div>\n\n\n\n<p class=\"has-base-2-color has-text-color has-link-color wp-elements-dc815c1b526a1250a774f86cf7e3d14f\">Contamos con una <strong>amplia flota de veh\u00edculos<\/strong> modernos, seguros y en \u00f3ptimas condiciones, que van desde autos compactos hasta vans y camionetas, garantizando comodidad y eficiencia en cada viaje.<\/p>\n\n\n\n<div style=\"height:22px\" aria-hidden=\"true\" class=\"wp-block-spacer\"><\/div>\n\n\n\n<p class=\"has-base-2-color has-text-color has-link-color wp-elements-e78ed5ced3e572e6e48e02f499ccd0ef\">Nuestro compromiso es brindar un <strong>servicio cercano, transparente y de calidad<\/strong>, priorizando la satisfacci\u00f3n de nuestros clientes a trav\u00e9s de una atenci\u00f3n personalizada y un soporte constante en cada etapa del arriendo.<\/p>\n\n\n\n<div style=\"height:22px\" aria-hidden=\"true\" class=\"wp-block-spacer\"><\/div>\n\n\n\n<p class=\"has-base-2-color has-text-color has-link-color wp-elements-4ff8efe4c6cb470b82b273613b8f1e35\">En <strong>Rent a Car del Sur<\/strong>, trabajamos d\u00eda a d\u00eda para ser su mejor aliado en el camino, ofreciendo confianza, respaldo y la tranquilidad de contar con una empresa s\u00f3lida, con experiencia y presencia en todo el pa\u00eds.<\/p>\n\n\n\n<div style=\"height:78px\" aria-hidden=\"true\" class=\"wp-block-spacer\"><\/div>\n\n\n\n<div class=\"wp-block-media-text is-stacked-on-mobile is-vertically-aligned-center\"><figure class=\"wp-block-media-text__media\"><img decoding=\"async\" width=\"1024\" height=\"683\" src=\"https:\/\/rentacarsur.com\/wp-content\/uploads\/2025\/10\/mision-1024x683.png\" alt=\"\" class=\"wp-image-314 size-full\" srcset=\"https:\/\/rentacarsur.com\/wp-content\/uploads\/2025\/10\/mision-1024x683.png 1024w, https:\/\/rentacarsur.com\/wp-content\/uploads\/2025\/10\/mision-300x200.png 300w, https:\/\/rentacarsur.com\/wp-content\/uploads\/2025\/10\/mision-768x512.png 768w, https:\/\/rentacarsur.com\/wp-content\/uploads\/2025\/10\/mision-600x400.png 600w, https:\/\/rentacarsur.com\/wp-content\/uploads\/2025\/10\/mision.png 1224w\" sizes=\"(max-width: 1024px) 100vw, 1024px\" \/><\/figure><div class=\"wp-block-media-text__content\">\n<h2 class=\"wp-block-heading has-base-2-color has-text-color has-link-color wp-elements-e7fe3d382ac10792b03a7014f217f214\">Misi\u00f3n<\/h2>\n\n\n\n<p class=\"has-base-2-color has-text-color has-link-color wp-elements-f80d797857d706e4c7f55430787be15f\">Entregar un <strong>servicio de calidad superior<\/strong>, centrado en la satisfacci\u00f3n de nuestros clientes, a trav\u00e9s de una atenci\u00f3n cercana, veh\u00edculos en \u00f3ptimas condiciones y un proceso de arriendo \u00e1gil y confiable. Nuestra misi\u00f3n es facilitar cada viaje, asegurando que cada cliente viva una experiencia positiva, segura y sin complicaciones.<\/p>\n<\/div><\/div>\n\n\n\n<div class=\"wp-block-media-text has-media-on-the-right is-stacked-on-mobile is-vertically-aligned-center\"><div class=\"wp-block-media-text__content\">\n<h2 class=\"wp-block-heading has-base-2-color has-text-color has-link-color wp-elements-9f6e812f15204c0a93673f68fa395a66\">Visi\u00f3n<\/h2>\n\n\n\n<p class=\"has-base-2-color has-text-color has-link-color wp-elements-deae453fc04271d6ddc01bb752da4932\">Ser una <strong>empresa l\u00edder y reconocida a nivel nacional<\/strong>, elegida por nuestra <strong>seguridad, confianza y compromiso con la calidad<\/strong>. Queremos seguir creciendo junto a nuestros clientes, consolid\u00e1ndonos como su <strong>aliado en movilidad<\/strong>, y siendo sin\u00f3nimo de <strong>servicio, cercan\u00eda y respaldo<\/strong> en todo Chile.<\/p>\n<\/div><figure class=\"wp-block-media-text__media\"><img loading=\"lazy\" decoding=\"async\" width=\"1024\" height=\"683\" src=\"https:\/\/rentacarsur.com\/wp-content\/uploads\/2025\/10\/vision-1024x683.png\" alt=\"\" class=\"wp-image-315 size-full\" srcset=\"https:\/\/rentacarsur.com\/wp-content\/uploads\/2025\/10\/vision-1024x683.png 1024w, https:\/\/rentacarsur.com\/wp-content\/uploads\/2025\/10\/vision-300x200.png 300w, https:\/\/rentacarsur.com\/wp-content\/uploads\/2025\/10\/vision-768x512.png 768w, https:\/\/rentacarsur.com\/wp-content\/uploads\/2025\/10\/vision-600x400.png 600w, https:\/\/rentacarsur.com\/wp-content\/uploads\/2025\/10\/vision.png 1224w\" sizes=\"(max-width: 1024px) 100vw, 1024px\" \/><\/figure><\/div>\n<\/div>\n<\/div>\n\n\n\n<figure class=\"wp-block-image alignfull size-large\"><img fetchpriority=\"high\" decoding=\"async\" width=\"1024\" height=\"57\" src=\"https:\/\/rentacarsur.com\/wp-content\/uploads\/2025\/10\/9-1024x57.png\" alt=\"\" class=\"wp-image-202\" srcset=\"https:\/\/rentacarsur.com\/wp-content\/uploads\/2025\/10\/9-1024x57.png 1024w, https:\/\/rentacarsur.com\/wp-content\/uploads\/2025\/10\/9-300x17.png 300w, https:\/\/rentacarsur.com\/wp-content\/uploads\/2025\/10\/9-768x43.png 768w, https:\/\/rentacarsur.com\/wp-content\/uploads\/2025\/10\/9-1536x85.png 1536w, https:\/\/rentacarsur.com\/wp-content\/uploads\/2025\/10\/9-2048x114.png 2048w, https:\/\/rentacarsur.com\/wp-content\/uploads\/2025\/10\/9-600x33.png 600w\" sizes=\"(max-width: 1024px) 100vw, 1024px\" \/><\/figure>\n\n\n\n<div class=\"wp-block-columns alignfull is-layout-flex wp-container-core-columns-is-layout-28f84493 wp-block-columns-is-layout-flex\">\n<div class=\"wp-block-column has-contrast-background-color has-background is-layout-flow wp-block-column-is-layout-flow\">\t\t<div\n            id=\"wpmapblock_dbb319e8\"\n            data-settings='{&quot;map_marker&quot;:[{&quot;id&quot;:&quot;0&quot;,&quot;lat&quot;:&quot;-34.98605096411914&quot;,&quot;lng&quot;:&quot;-71.23537632883637&quot;,&quot;title&quot;:&quot;Casa Matriz&quot;,&quot;content&quot;:&quot;Del Sur Rent A Car&quot;,&quot;iconType&quot;:&quot;default&quot;,&quot;customIconUrl&quot;:&quot;&quot;,&quot;customIconWidth&quot;:&quot;25&quot;,&quot;customIconHeight&quot;:&quot;40&quot;}],&quot;map_zoom&quot;:&quot;17&quot;,&quot;scroll_wheel_zoom&quot;:&quot;1&quot;,&quot;map_type&quot;:&quot;GM&quot;,&quot;center_index&quot;:0}'\n            class=\"wpmapblockrender\"\n            style=\"\n\t\t\twidth: 100%;\n\t\t\theight: 500px;\n\t\t\"\n            >\n        <\/div>\n        <\/div>\n<\/div>\n\n\n\n<figure class=\"wp-block-image alignfull size-large\"><img fetchpriority=\"high\" decoding=\"async\" width=\"1024\" height=\"57\" src=\"https:\/\/rentacarsur.com\/wp-content\/uploads\/2025\/10\/9-1024x57.png\" alt=\"\" class=\"wp-image-202\" srcset=\"https:\/\/rentacarsur.com\/wp-content\/uploads\/2025\/10\/9-1024x57.png 1024w, https:\/\/rentacarsur.com\/wp-content\/uploads\/2025\/10\/9-300x17.png 300w, https:\/\/rentacarsur.com\/wp-content\/uploads\/2025\/10\/9-768x43.png 768w, https:\/\/rentacarsur.com\/wp-content\/uploads\/2025\/10\/9-1536x85.png 1536w, https:\/\/rentacarsur.com\/wp-content\/uploads\/2025\/10\/9-2048x114.png 2048w, https:\/\/rentacarsur.com\/wp-content\/uploads\/2025\/10\/9-600x33.png 600w\" sizes=\"(max-width: 1024px) 100vw, 1024px\" \/><\/figure>\n","protected":false},"excerpt":{"rendered":"<p>Rent a Car del Sur es una empresa dedicada al arriendo de veh\u00edculos, con casa matriz en Curic\u00f3 y cobertura a nivel nacional. Nos especializamos en ofrecer soluciones de movilidad confiables y flexibles, adaptadas a las necesidades de empresas y clientes particulares en todo Chile. Contamos con una amplia flota de veh\u00edculos modernos, seguros y [&hellip;]<\/p>\n","protected":false},"author":1,"featured_media":0,"parent":0,"menu_order":0,"comment_status":"closed","ping_status":"closed","template":"","meta":{"footnotes":""},"class_list":["post-89","page","type-page","status-publish","hentry"],"_links":{"self":[{"href":"https:\/\/rentacarsur.com\/index.php?rest_route=\/wp\/v2\/pages\/89","targetHints":{"allow":["GET"]}}],"collection":[{"href":"https:\/\/rentacarsur.com\/index.php?rest_route=\/wp\/v2\/pages"}],"about":[{"href":"https:\/\/rentacarsur.com\/index.php?rest_route=\/wp\/v2\/types\/page"}],"author":[{"embeddable":true,"href":"https:\/\/rentacarsur.com\/index.php?rest_route=\/wp\/v2\/users\/1"}],"replies":[{"embeddable":true,"href":"https:\/\/rentacarsur.com\/index.php?rest_route=%2Fwp%2Fv2%2Fcomments&post=89"}],"version-history":[{"count":17,"href":"https:\/\/rentacarsur.com\/index.php?rest_route=\/wp\/v2\/pages\/89\/revisions"}],"predecessor-version":[{"id":860,"href":"https:\/\/rentacarsur.com\/index.php?rest_route=\/wp\/v2\/pages\/89\/revisions\/860"}],"wp:attachment":[{"href":"https:\/\/rentacarsur.com\/index.php?rest_route=%2Fwp%2Fv2%2Fmedia&parent=89"}],"curies":[{"name":"wp","href":"https:\/\/api.w.org\/{rel}","templated":true}]}}